{"id":565,"date":"2021-04-02T15:02:15","date_gmt":"2021-04-02T15:02:15","guid":{"rendered":"https:\/\/socardio.com\/wp\/?page_id=565"},"modified":"2021-05-14T20:08:23","modified_gmt":"2021-05-14T20:08:23","slug":"servicios","status":"publish","type":"page","link":"https:\/\/www.socardio.com\/wp\/servicios\/","title":{"rendered":"Servicios"},"content":{"rendered":"\n<section id=\"gm87e055f\" class=\"wp-block-gutentor-m4 alignwide section-gm87e055f gutentor-module gutentor-advanced-columns has-image-bg has-custom-bg has-gutentor-overlay gutentor-equal-column-height\"><div class=\"grid-container\"><div class=\"grid-row\">\n<div id=\"col-gm76ac28\" class=\"wp-block-gutentor-m4-col col-gm76ac28 gutentor-single-column  grid-lg-2 grid-md-2 grid-12\"><div id=\"section-gm76ac28\" class=\"section-gm76ac28 gutentor-col-wrap\">\n<div id=\"section-g4e8dc8\" class=\"wp-block-gutentor-e5 section-g4e8dc8 gutentor-element gutentor-element-icon gutentor-icon-default text-align-right-desktop text-align-right-tablet text-align-center-mobile\"><div class=\"gutentor-element-icon-box\"><i class=\"fas fa-hand-holding-heart\"><\/i><\/div><\/div>\n<\/div><\/div>\n\n\n\n<div id=\"col-gm7d64f7\" class=\"wp-block-gutentor-m4-col col-gm7d64f7 gutentor-single-column  grid-lg-8 grid-md-8 grid-12\"><div id=\"section-gm7d64f7\" class=\"section-gm7d64f7 gutentor-col-wrap\">\n<div id=\"section-g98ee1f\" class=\"wp-block-gutentor-e1 section-g98ee1f gutentor-element gutentor-element-advanced-text text-align-left-desktop text-align-left-tablet text-align-center-mobile\"><div class=\"gutentor-text-wrap\"><h4 class=\"gutentor-text\">APARTA TU CITA<\/h4><\/div><\/div>\n\n\n\n<div id=\"section-gf622aa\" class=\"wp-block-gutentor-e1 section-gf622aa gutentor-element gutentor-element-advanced-text text-align-left-desktop text-align-left-tablet text-align-center-mobile\"><div class=\"gutentor-text-wrap\"><p class=\"gutentor-text\">Cuida t\u00fa coraz\u00f3n<\/p><\/div><\/div>\n<\/div><\/div>\n\n\n\n<div id=\"col-gme4c4ca\" class=\"wp-block-gutentor-m4-col col-gme4c4ca gutentor-single-column  grid-lg-2 grid-md-2 grid-12\"><div id=\"section-gme4c4ca\" class=\"section-gme4c4ca gutentor-col-wrap\">\n<div id=\"section-gc5e378\" class=\"wp-block-gutentor-e2 section-gc5e378 gutentor-element gutentor-element-button button-align-right-tablet button-align-center-mobile\"><span class=\"gutentor-button-wrap\"><a class=\"gutentor-button gutentor-block-button gutentor-icon-before\" href=\"tel:+573156840063\"><i class=\"gutentor-button-icon fas fa-phone-volume\"><\/i><span>Llamar para apartar cita<\/span><\/a><\/span><\/div>\n<\/div><\/div>\n<\/div><\/div><\/section>\n\n\n\n<section id=\"gmee4f35a\" class=\"wp-block-gutentor-m4 section-gmee4f35a gutentor-module gutentor-advanced-columns has-color-bg has-custom-bg gutentor-bshape-fv g-pos-r-desktop g-pos-d-tablet g-pos-d-mobile g-pos-custom-desktop gutentor-equal-column-height\"><div class=\"grid-container\"><div class=\"grid-row\">\n<div id=\"col-gm3f2422\" class=\"wp-block-gutentor-m4-col col-gm3f2422 gutentor-single-column  grid-lg-6 grid-md-12 grid-12\"><div id=\"section-gm3f2422\" class=\"section-gm3f2422 gutentor-col-wrap\">\n<div id=\"section-g63dfea\" class=\"wp-block-gutentor-e1 section-g63dfea gutentor-element gutentor-element-advanced-text text-align-left-desktop text-align-center-tablet text-align-center-mobile\"><div class=\"gutentor-text-wrap\"><h4 class=\"gutentor-text\">1. HEMODIN\u00c1MIA<\/h4><\/div><\/div>\n\n\n\n<div id=\"section-g26edca\" class=\"wp-block-gutentor-e1 section-g26edca gutentor-element gutentor-element-advanced-text text-align-left-desktop text-align-center-tablet text-align-center-mobile\"><div class=\"gutentor-text-wrap\"><h2 class=\"gutentor-text\">Estos son todos los subservicios<\/h2><\/div><\/div>\n\n\n\n<div id=\"section-g8cd688\" class=\"wp-block-gutentor-e1 section-g8cd688 gutentor-element gutentor-element-advanced-text text-align-left-desktop text-align-center-tablet text-align-center-mobile\"><div class=\"gutentor-text-wrap\"><p class=\"gutentor-text\">Que ofrecemos en hemodin\u00e1mia <\/p><\/div><\/div>\n\n\n\n<div id=\"section-g23b4b3\" class=\"wp-block-gutentor-e7 section-g23b4b3 gutentor-element gutentor-element-list text-align-left-desktop text-align-left-tablet text-align-left-mobile\"><ul class=\"grid-row gutentor-grid-item-wrap list-indicator-icon\"><li class=\"gutentor-list-item grid-lg-6 grid-md-6 grid-6\"><span class=\"gutentor-single-item gutentor-single-item-0\"><span class=\"gutentor-list-item-wrap g-s-list-wrap\"><span class=\"gutentor-single-list-item-icon\"><i class=\"list-item-icon far fa-check-circle\"><\/i><\/span><span class=\"gutentor-list-item\"><p class=\"gutentor-single-item-title\">Arteriograf\u00eda Vertebral Bilateral Selectiva Con Car\u00f3tidas (Panangiografi\u00eda)<\/p><\/span><\/span><\/span><\/li><li class=\"gutentor-list-item grid-lg-6 grid-md-6 grid-6\"><span class=\"gutentor-single-item gutentor-single-item-1\"><span class=\"gutentor-list-item-wrap g-s-list-wrap\"><span class=\"gutentor-single-list-item-icon\"><i class=\"list-item-icon far fa-check-circle\"><\/i><\/span><span class=\"gutentor-list-item\"><p class=\"gutentor-single-item-title\">Reparo Endovascular De Aneurisma<\/p><\/span><\/span><\/span><\/li><li class=\"gutentor-list-item grid-lg-6 grid-md-6 grid-6\"><span class=\"gutentor-single-item gutentor-single-item-2\"><span class=\"gutentor-list-item-wrap g-s-list-wrap\"><span class=\"gutentor-single-list-item-icon\"><i class=\"list-item-icon far fa-check-circle\"><\/i><\/span><span class=\"gutentor-list-item\"><p class=\"gutentor-single-item-title\">Angioplastia Con Bal\u00f3n De Vasos Intracraneales, Con Colocaci\u00f3n Protesis (Stent) O Injerto(s) Protesico(s)<\/p><\/span><\/span><\/span><\/li><li class=\"gutentor-list-item grid-lg-6 grid-md-6 grid-6\"><span class=\"gutentor-single-item gutentor-single-item-3\"><span class=\"gutentor-list-item-wrap g-s-list-wrap\"><span class=\"gutentor-single-list-item-icon\"><i class=\"list-item-icon far fa-check-circle\"><\/i><\/span><span class=\"gutentor-list-item\"><p class=\"gutentor-single-item-title\">Angioplastia De Arteria Car\u00f3tida, Con Protesis (Stent) O Injerto(s) Protesico(s)<\/p><\/span><\/span><\/span><\/li><li class=\"gutentor-list-item grid-lg-6 grid-md-6 grid-6\"><span class=\"gutentor-single-item gutentor-single-item-4\"><span class=\"gutentor-list-item-wrap g-s-list-wrap\"><span class=\"gutentor-single-list-item-icon\"><i class=\"list-item-icon far fa-check-circle\"><\/i><\/span><span class=\"gutentor-list-item\"><p class=\"gutentor-single-item-title\">Angioplastia Arteria Vertebral, Con Protesis (Stent) O Injerto(s) Protesico(s)<\/p><\/span><\/span><\/span><\/li><li class=\"gutentor-list-item grid-lg-6 grid-md-6 grid-6\"><span class=\"gutentor-single-item gutentor-single-item-5\"><span class=\"gutentor-list-item-wrap g-s-list-wrap\"><span class=\"gutentor-single-list-item-icon\"><i class=\"list-item-icon far fa-check-circle\"><\/i><\/span><span class=\"gutentor-list-item\"><p class=\"gutentor-single-item-title\">Venografias<\/p><\/span><\/span><\/span><\/li><li class=\"gutentor-list-item grid-lg-6 grid-md-6 grid-6\"><span class=\"gutentor-single-item gutentor-single-item-6\"><span class=\"gutentor-list-item-wrap g-s-list-wrap\"><span class=\"gutentor-single-list-item-icon\"><i class=\"list-item-icon far fa-check-circle\"><\/i><\/span><span class=\"gutentor-list-item\"><p class=\"gutentor-single-item-title\">Arteriograf\u00eda Coronaria Y Pulmonar<\/p><\/span><\/span><\/span><\/li><li class=\"gutentor-list-item grid-lg-6 grid-md-6 grid-6\"><span class=\"gutentor-single-item gutentor-single-item-7\"><span class=\"gutentor-list-item-wrap g-s-list-wrap\"><span class=\"gutentor-single-list-item-icon\"><i class=\"list-item-icon far fa-check-circle\"><\/i><\/span><span class=\"gutentor-list-item\"><p class=\"gutentor-single-item-title\">Flebograf\u00edas<\/p><\/span><\/span><\/span><\/li><li class=\"gutentor-list-item grid-lg-6 grid-md-6 grid-6\"><span class=\"gutentor-single-item gutentor-single-item-8\"><span class=\"gutentor-list-item-wrap g-s-list-wrap\"><span class=\"gutentor-single-list-item-icon\"><i class=\"list-item-icon far fa-check-circle\"><\/i><\/span><span class=\"gutentor-list-item\"><p class=\"gutentor-single-item-title\">Aortogramas<\/p><\/span><\/span><\/span><\/li><li class=\"gutentor-list-item grid-lg-6 grid-md-6 grid-6\"><span class=\"gutentor-single-item gutentor-single-item-9\"><span class=\"gutentor-list-item-wrap g-s-list-wrap\"><span class=\"gutentor-single-list-item-icon\"><i class=\"list-item-icon far fa-check-circle\"><\/i><\/span><span class=\"gutentor-list-item\"><p class=\"gutentor-single-item-title\">Arteriograf\u00eda Renal<\/p><\/span><\/span><\/span><\/li><li class=\"gutentor-list-item grid-lg-6 grid-md-6 grid-6\"><span class=\"gutentor-single-item gutentor-single-item-10\"><span class=\"gutentor-list-item-wrap g-s-list-wrap\"><span class=\"gutentor-single-list-item-icon\"><i class=\"list-item-icon far fa-check-circle\"><\/i><\/span><span class=\"gutentor-list-item\"><p class=\"gutentor-single-item-title\">Valvuloplastia Mitral Con Bal\u00f3n Y Pulmonar Con Bal\u00f3n<\/p><\/span><\/span><\/span><\/li><li class=\"gutentor-list-item grid-lg-6 grid-md-6 grid-6\"><span class=\"gutentor-single-item gutentor-single-item-11\"><span class=\"gutentor-list-item-wrap g-s-list-wrap\"><span class=\"gutentor-single-list-item-icon\"><i class=\"list-item-icon far fa-check-circle\"><\/i><\/span><span class=\"gutentor-list-item\"><p class=\"gutentor-single-item-title\">Cierre De Ductus Arteriovenoso Por V\u00eda Endovascular<\/p><\/span><\/span><\/span><\/li><li class=\"gutentor-list-item grid-lg-6 grid-md-6 grid-6\"><span class=\"gutentor-single-item gutentor-single-item-12\"><span class=\"gutentor-list-item-wrap g-s-list-wrap\"><span class=\"gutentor-single-list-item-icon\"><i class=\"list-item-icon far fa-check-circle\"><\/i><\/span><span class=\"gutentor-list-item\"><p class=\"gutentor-single-item-title\">Tratamiento Endovascular De Coartaci\u00f3n A\u00f3rtica<\/p><\/span><\/span><\/span><\/li><li class=\"gutentor-list-item grid-lg-6 grid-md-6 grid-6\"><span class=\"gutentor-single-item gutentor-single-item-13\"><span class=\"gutentor-list-item-wrap g-s-list-wrap\"><span class=\"gutentor-single-list-item-icon\"><i class=\"list-item-icon far fa-check-circle\"><\/i><\/span><span class=\"gutentor-list-item\"><p class=\"gutentor-single-item-title\">Cierre De C.I.A y C.I.V Con Dispositivo Amplatzer<\/p><\/span><\/span><\/span><\/li><li class=\"gutentor-list-item grid-lg-6 grid-md-6 grid-6\"><span class=\"gutentor-single-item gutentor-single-item-14\"><span class=\"gutentor-list-item-wrap g-s-list-wrap\"><span class=\"gutentor-single-list-item-icon\"><i class=\"list-item-icon far fa-check-circle\"><\/i><\/span><span class=\"gutentor-list-item\"><p class=\"gutentor-single-item-title\">Reemplazo De La V\u00e1lvula A\u00f3rtica V\u00eda Percut\u00e1nea<\/p><\/span><\/span><\/span><\/li><\/ul><\/div>\n<\/div><\/div>\n\n\n\n<div id=\"col-gmc9fa1a\" class=\"wp-block-gutentor-m4-col col-gmc9fa1a gutentor-single-column  grid-lg-6 grid-md-12 grid-12\"><div id=\"section-gmc9fa1a\" class=\"section-gmc9fa1a gutentor-col-wrap\">\n<div id=\"section-g38be6f\" class=\"wp-block-gutentor-e6 section-g38be6f gutentor-element gutentor-element-image g-pos-d-desktop g-pos-d-tablet g-pos-d-mobile text-align-center-desktop text-align-center-tablet text-align-center-mobile default-tablet default-mobile\"><div class=\"gutentor-element-image-box\"><div class=\"gutentor-image-thumb\"><img decoding=\"async\" class=\"normal-image\" src=\"https:\/\/www.socardio.com\/wp\/wp-content\/uploads\/2021\/05\/bannersoca4.jpg\"\/><\/div><\/div><\/div>\n<\/div><\/div>\n<\/div><\/div><\/section>\n\n\n\n<section id=\"gm6a76008\" class=\"wp-block-gutentor-m4 section-gm6a76008 gutentor-module gutentor-advanced-columns has-color-bg has-custom-bg gutentor-bshape-fv g-pos-r-desktop g-pos-d-tablet g-pos-d-mobile g-pos-custom-desktop gutentor-equal-column-height\"><div class=\"grid-container\"><div class=\"grid-row\">\n<div id=\"col-gmbc3515\" class=\"wp-block-gutentor-m4-col col-gmbc3515 gutentor-single-column  grid-lg-6 grid-md-12 grid-12\"><div id=\"section-gmbc3515\" class=\"section-gmbc3515 gutentor-col-wrap\">\n<div id=\"section-gb779a7\" class=\"wp-block-gutentor-e6 section-gb779a7 gutentor-element gutentor-element-image g-pos-a-desktop g-pos-d-tablet g-pos-d-mobile g-pos-custom-desktop text-align-center-desktop\"><div class=\"gutentor-element-image-box\"><div class=\"gutentor-image-thumb\"><img decoding=\"async\" class=\"normal-image\" src=\"https:\/\/www.socardio.com\/wp\/wp-content\/uploads\/2021\/05\/soca.jpg\"\/><\/div><\/div><\/div>\n<\/div><\/div>\n\n\n\n<div id=\"col-gm31018a\" class=\"wp-block-gutentor-m4-col col-gm31018a gutentor-single-column  grid-lg-6 grid-md-12 grid-12\"><div id=\"section-gm31018a\" class=\"section-gm31018a gutentor-col-wrap\">\n<div id=\"section-g2117c9\" class=\"wp-block-gutentor-e1 section-g2117c9 gutentor-element gutentor-element-advanced-text text-align-left-desktop text-align-center-tablet text-align-center-mobile\"><div class=\"gutentor-text-wrap\"><h4 class=\"gutentor-text\">2. HEMODIN\u00c1MIA PEDI\u00c1TRICA<\/h4><\/div><\/div>\n\n\n\n<div id=\"section-g27344b\" class=\"wp-block-gutentor-e1 section-g27344b gutentor-element gutentor-element-advanced-text text-align-left-desktop text-align-center-tablet text-align-center-mobile\"><div class=\"gutentor-text-wrap\"><h2 class=\"gutentor-text\">Estos son todos los subservicios<\/h2><\/div><\/div>\n\n\n\n<div id=\"section-gf12d33\" class=\"wp-block-gutentor-e1 section-gf12d33 gutentor-element gutentor-element-advanced-text text-align-left-desktop\"><div class=\"gutentor-text-wrap\"><p class=\"gutentor-text\">Que ofrecemos en hemodin\u00e1mia pedi\u00e1trica<\/p><\/div><\/div>\n\n\n\n<div id=\"section-gb8eace\" class=\"wp-block-gutentor-e7 section-gb8eace gutentor-element gutentor-element-list text-align-left-desktop text-align-left-tablet text-align-left-mobile\"><ul class=\"grid-row gutentor-grid-item-wrap list-indicator-icon\"><li class=\"gutentor-list-item grid-lg-6 grid-md-6 grid-6\"><span class=\"gutentor-single-item gutentor-single-item-0\"><span class=\"gutentor-list-item-wrap g-s-list-wrap\"><span class=\"gutentor-single-list-item-icon\"><i class=\"list-item-icon far fa-check-circle\"><\/i><\/span><span class=\"gutentor-list-item\"><p class=\"gutentor-single-item-title\">Arteriograf\u00eda Pulmonar<\/p><\/span><\/span><\/span><\/li><li class=\"gutentor-list-item grid-lg-6 grid-md-6 grid-6\"><span class=\"gutentor-single-item gutentor-single-item-1\"><span class=\"gutentor-list-item-wrap g-s-list-wrap\"><span class=\"gutentor-single-list-item-icon\"><i class=\"list-item-icon far fa-check-circle\"><\/i><\/span><span class=\"gutentor-list-item\"><p class=\"gutentor-single-item-title\">Fleboragraf\u00eda de Venas<\/p><\/span><\/span><\/span><\/li><li class=\"gutentor-list-item grid-lg-6 grid-md-6 grid-6\"><span class=\"gutentor-single-item gutentor-single-item-2\"><span class=\"gutentor-list-item-wrap g-s-list-wrap\"><span class=\"gutentor-single-list-item-icon\"><i class=\"list-item-icon far fa-check-circle\"><\/i><\/span><span class=\"gutentor-list-item\"><p class=\"gutentor-single-item-title\">Arteriograf\u00eda Coronaria<\/p><\/span><\/span><\/span><\/li><li class=\"gutentor-list-item grid-lg-6 grid-md-6 grid-6\"><span class=\"gutentor-single-item gutentor-single-item-3\"><span class=\"gutentor-list-item-wrap g-s-list-wrap\"><span class=\"gutentor-single-list-item-icon\"><i class=\"list-item-icon far fa-check-circle\"><\/i><\/span><span class=\"gutentor-list-item\"><p class=\"gutentor-single-item-title\">Aortograma Tor\u00e1cico<\/p><\/span><\/span><\/span><\/li><li class=\"gutentor-list-item grid-lg-6 grid-md-6 grid-6\"><span class=\"gutentor-single-item gutentor-single-item-4\"><span class=\"gutentor-list-item-wrap g-s-list-wrap\"><span class=\"gutentor-single-list-item-icon\"><i class=\"list-item-icon far fa-check-circle\"><\/i><\/span><span class=\"gutentor-list-item\"><p class=\"gutentor-single-item-title\">Cavograf\u00eda<\/p><\/span><\/span><\/span><\/li><li class=\"gutentor-list-item grid-lg-6 grid-md-6 grid-6\"><span class=\"gutentor-single-item gutentor-single-item-5\"><span class=\"gutentor-list-item-wrap g-s-list-wrap\"><span class=\"gutentor-single-list-item-icon\"><i class=\"list-item-icon far fa-check-circle\"><\/i><\/span><span class=\"gutentor-list-item\"><p class=\"gutentor-single-item-title\">Auriculograma<\/p><\/span><\/span><\/span><\/li><li class=\"gutentor-list-item grid-lg-6 grid-md-6 grid-6\"><span class=\"gutentor-single-item gutentor-single-item-6\"><span class=\"gutentor-list-item-wrap g-s-list-wrap\"><span class=\"gutentor-single-list-item-icon\"><i class=\"list-item-icon far fa-check-circle\"><\/i><\/span><span class=\"gutentor-list-item\"><p class=\"gutentor-single-item-title\">Coartaci\u00f3n<\/p><\/span><\/span><\/span><\/li><li class=\"gutentor-list-item grid-lg-6 grid-md-6 grid-6\"><span class=\"gutentor-single-item gutentor-single-item-7\"><span class=\"gutentor-list-item-wrap g-s-list-wrap\"><span class=\"gutentor-single-list-item-icon\"><i class=\"list-item-icon far fa-check-circle\"><\/i><\/span><span class=\"gutentor-list-item\"><p class=\"gutentor-single-item-title\">Valvuloplastia Pulmonar<\/p><\/span><\/span><\/span><\/li><li class=\"gutentor-list-item grid-lg-6 grid-md-6 grid-6\"><span class=\"gutentor-single-item gutentor-single-item-8\"><span class=\"gutentor-list-item-wrap g-s-list-wrap\"><span class=\"gutentor-single-list-item-icon\"><i class=\"list-item-icon far fa-check-circle\"><\/i><\/span><span class=\"gutentor-list-item\"><p class=\"gutentor-single-item-title\">Cierre Auricular &#8211; C.I.A<\/p><\/span><\/span><\/span><\/li><li class=\"gutentor-list-item grid-lg-6 grid-md-6 grid-6\"><span class=\"gutentor-single-item gutentor-single-item-9\"><span class=\"gutentor-list-item-wrap g-s-list-wrap\"><span class=\"gutentor-single-list-item-icon\"><i class=\"list-item-icon far fa-check-circle\"><\/i><\/span><span class=\"gutentor-list-item\"><p class=\"gutentor-single-item-title\">Cateterismo Izquirdo Y Derecho<\/p><\/span><\/span><\/span><\/li><li class=\"gutentor-list-item grid-lg-6 grid-md-6 grid-6\"><span class=\"gutentor-single-item gutentor-single-item-10\"><span class=\"gutentor-list-item-wrap g-s-list-wrap\"><span class=\"gutentor-single-list-item-icon\"><i class=\"list-item-icon far fa-check-circle\"><\/i><\/span><span class=\"gutentor-list-item\"><p class=\"gutentor-single-item-title\">Cierre De Ductus Arterioso Persistente, V\u00eda Endovascular &#8211; C.I.V<\/p><\/span><\/span><\/span><\/li><\/ul><\/div>\n<\/div><\/div>\n<\/div><\/div><\/section>\n\n\n\n<section id=\"gm93b4e87\" class=\"wp-block-gutentor-m4 section-gm93b4e87 gutentor-module gutentor-advanced-columns gutentor-bshape-fv g-pos-r-desktop g-pos-d-tablet g-pos-d-mobile g-pos-custom-desktop gutentor-equal-column-height\"><div class=\"grid-container\"><div class=\"grid-row\">\n<div id=\"col-gm389680\" class=\"wp-block-gutentor-m4-col col-gm389680 gutentor-single-column  grid-lg-6 grid-md-12 grid-12\"><div id=\"section-gm389680\" class=\"section-gm389680 gutentor-col-wrap\">\n<div id=\"section-gfbecd1\" class=\"wp-block-gutentor-e1 section-gfbecd1 gutentor-element gutentor-element-advanced-text text-align-left-desktop text-align-center-tablet text-align-center-mobile\"><div class=\"gutentor-text-wrap\"><h4 class=\"gutentor-text\">3. NEUROINTERVENCIONISMO<\/h4><\/div><\/div>\n\n\n\n<div id=\"section-gb67585\" class=\"wp-block-gutentor-e1 section-gb67585 gutentor-element gutentor-element-advanced-text text-align-left-desktop text-align-center-tablet text-align-center-mobile\"><div class=\"gutentor-text-wrap\"><h2 class=\"gutentor-text\">Estos son todos los subservicios<\/h2><\/div><\/div>\n\n\n\n<div id=\"section-g52ca02\" class=\"wp-block-gutentor-e1 section-g52ca02 gutentor-element gutentor-element-advanced-text text-align-left-desktop text-align-center-tablet text-align-center-mobile\"><div class=\"gutentor-text-wrap\"><p class=\"gutentor-text\">Que ofrecemos en neurointervencionismo<\/p><\/div><\/div>\n\n\n\n<div id=\"section-ga252c8\" class=\"wp-block-gutentor-e7 section-ga252c8 gutentor-element gutentor-element-list text-align-left-desktop text-align-left-tablet text-align-left-mobile\"><ul class=\"grid-row gutentor-grid-item-wrap list-indicator-icon\"><li class=\"gutentor-list-item grid-lg-6 grid-md-6 grid-6\"><span class=\"gutentor-single-item gutentor-single-item-0\"><span class=\"gutentor-list-item-wrap g-s-list-wrap\"><span class=\"gutentor-single-list-item-icon\"><i class=\"list-item-icon far fa-check-circle\"><\/i><\/span><span class=\"gutentor-list-item\"><p class=\"gutentor-single-item-title\">Arteriograf\u00eda Vertebral Bilateral Selectiva Con Car\u00f3tidas (Panangiografi\u00eda)<\/p><\/span><\/span><\/span><\/li><li class=\"gutentor-list-item grid-lg-6 grid-md-6 grid-6\"><span class=\"gutentor-single-item gutentor-single-item-1\"><span class=\"gutentor-list-item-wrap g-s-list-wrap\"><span class=\"gutentor-single-list-item-icon\"><i class=\"list-item-icon far fa-check-circle\"><\/i><\/span><span class=\"gutentor-list-item\"><p class=\"gutentor-single-item-title\">Reparo Endovascular De Aneurisma<\/p><\/span><\/span><\/span><\/li><li class=\"gutentor-list-item grid-lg-6 grid-md-6 grid-6\"><span class=\"gutentor-single-item gutentor-single-item-2\"><span class=\"gutentor-list-item-wrap g-s-list-wrap\"><span class=\"gutentor-single-list-item-icon\"><i class=\"list-item-icon far fa-check-circle\"><\/i><\/span><span class=\"gutentor-list-item\"><p class=\"gutentor-single-item-title\">Angioplastia Con Bal\u00f3n De Vasos Intracraneales, Con Colocaci\u00f3n Protesis (Stent) O Injerto(s) Protesico(s)<\/p><\/span><\/span><\/span><\/li><li class=\"gutentor-list-item grid-lg-6 grid-md-6 grid-6\"><span class=\"gutentor-single-item gutentor-single-item-3\"><span class=\"gutentor-list-item-wrap g-s-list-wrap\"><span class=\"gutentor-single-list-item-icon\"><i class=\"list-item-icon far fa-check-circle\"><\/i><\/span><span class=\"gutentor-list-item\"><p class=\"gutentor-single-item-title\">Angioplastia De Arteria Car\u00f3tida, Con Protesis (Stent) O Injerto(s) Protesico(s)<\/p><\/span><\/span><\/span><\/li><li class=\"gutentor-list-item grid-lg-6 grid-md-6 grid-6\"><span class=\"gutentor-single-item gutentor-single-item-4\"><span class=\"gutentor-list-item-wrap g-s-list-wrap\"><span class=\"gutentor-single-list-item-icon\"><i class=\"list-item-icon far fa-check-circle\"><\/i><\/span><span class=\"gutentor-list-item\"><p class=\"gutentor-single-item-title\">Angioplastia Arteria Vertebral, Con Protesis (Stent) O Injerto(s) Protesico(s)<\/p><\/span><\/span><\/span><\/li><\/ul><\/div>\n<\/div><\/div>\n\n\n\n<div id=\"col-gmd7eac1\" class=\"wp-block-gutentor-m4-col col-gmd7eac1 gutentor-single-column  grid-lg-6 grid-md-12 grid-12\"><div id=\"section-gmd7eac1\" class=\"section-gmd7eac1 gutentor-col-wrap\">\n<div id=\"section-g9e23a2\" class=\"wp-block-gutentor-e6 section-g9e23a2 gutentor-element gutentor-element-image g-pos-d-desktop g-pos-d-tablet g-pos-d-mobile text-align-center-desktop text-align-center-tablet text-align-center-mobile default-tablet default-mobile\"><div class=\"gutentor-element-image-box\"><div class=\"gutentor-image-thumb\"><img decoding=\"async\" class=\"normal-image\" src=\"https:\/\/www.socardio.com\/wp\/wp-content\/uploads\/2021\/04\/socardio1.png\"\/><\/div><\/div><\/div>\n<\/div><\/div>\n<\/div><\/div><\/section>\n\n\n\n<div id=\"section-g6e0a6f\" class=\"wp-block-gutentor-e2 section-g6e0a6f gutentor-element gutentor-element-button button-align-center-desktop button-align-center-tablet button-align-center-mobile\"><span class=\"gutentor-button-wrap\"><a class=\"gutentor-button gutentor-block-button gutentor-icon-before\" href=\"https:\/\/socardio.com\/wp\/informacion\/\"><i class=\"gutentor-button-icon fas fa-hand-point-right\"><\/i><span>Gu\u00eda Para Procedimientos<\/span><\/a><\/span><\/div>\n\n\n\n<p><\/p>\n","protected":false},"excerpt":{"rendered":"","protected":false},"author":1,"featured_media":0,"parent":0,"menu_order":0,"comment_status":"closed","ping_status":"closed","template":"template-gutentor-full-width.php","meta":{"footnotes":""},"class_list":["post-565","page","type-page","status-publish","hentry"],"_links":{"self":[{"href":"https:\/\/www.socardio.com\/wp\/wp-json\/wp\/v2\/pages\/565","targetHints":{"allow":["GET"]}}],"collection":[{"href":"https:\/\/www.socardio.com\/wp\/wp-json\/wp\/v2\/pages"}],"about":[{"href":"https:\/\/www.socardio.com\/wp\/wp-json\/wp\/v2\/types\/page"}],"author":[{"embeddable":true,"href":"https:\/\/www.socardio.com\/wp\/wp-json\/wp\/v2\/users\/1"}],"replies":[{"embeddable":true,"href":"https:\/\/www.socardio.com\/wp\/wp-json\/wp\/v2\/comments?post=565"}],"version-history":[{"count":49,"href":"https:\/\/www.socardio.com\/wp\/wp-json\/wp\/v2\/pages\/565\/revisions"}],"predecessor-version":[{"id":986,"href":"https:\/\/www.socardio.com\/wp\/wp-json\/wp\/v2\/pages\/565\/revisions\/986"}],"wp:attachment":[{"href":"https:\/\/www.socardio.com\/wp\/wp-json\/wp\/v2\/media?parent=565"}],"curies":[{"name":"wp","href":"https:\/\/api.w.org\/{rel}","templated":true}]}}